{"id":76,"date":"2021-11-01T01:15:41","date_gmt":"2021-11-01T01:15:41","guid":{"rendered":"https:\/\/biodiversidadanp.sernanp.gob.pe?page_id=76"},"modified":"2023-09-15T15:22:12","modified_gmt":"2023-09-15T20:22:12","slug":"contactenos","status":"publish","type":"page","link":"https:\/\/biodiversidadanp.sernanp.gob.pe\/en\/contactenos\/","title":{"rendered":"Contact us"},"content":{"rendered":"<div data-elementor-type=\"wp-page\" data-elementor-id=\"76\" data-post-id=\"76\" data-obj-id=\"76\" class=\"elementor elementor-76 dce-elementor-post-76\" data-elementor-settings=\"[]\">\n\t\t\t\t\t\t<div class=\"elementor-inner\">\n\t\t\t\t\t\t\t<div class=\"elementor-section-wrap\">\n\t\t\t\t\t\t\t<section class=\"elementor-section elementor-top-section elementor-element elementor-element-c4cd002 elementor-section-boxed elementor-section-height-default elementor-section-height-default\" data-id=\"c4cd002\" data-element_type=\"section\">\n\t\t\t\t\t\t<div class=\"elementor-container elementor-column-gap-default\">\n\t\t\t\t\t\t\t<div class=\"elementor-row\">\n\t\t\t\t\t<div class=\"elementor-column elementor-col-50 elementor-top-column elementor-element elementor-element-55b93d8\" data-id=\"55b93d8\" data-element_type=\"column\">\n\t\t\t<div class=\"elementor-column-wrap elementor-element-populated\">\n\t\t\t\t\t\t\t<div class=\"elementor-widget-wrap\">\n\t\t\t\t\t\t<div class=\"elementor-element elementor-element-fbed904 elementor-widget elementor-widget-heading\" data-id=\"fbed904\" data-element_type=\"widget\" data-widget_type=\"heading.default\">\n\t\t\t\t<div class=\"elementor-widget-container\">\n\t\t\t<h2 class=\"elementor-heading-title elementor-size-default\">Contact us<\/h2>\t\t<\/div>\n\t\t\t\t<\/div>\n\t\t\t\t<div class=\"elementor-element elementor-element-8d18821 elementor-widget elementor-widget-heading\" data-id=\"8d18821\" data-element_type=\"widget\" data-widget_type=\"heading.default\">\n\t\t\t\t<div class=\"elementor-widget-container\">\n\t\t\t<h2 class=\"elementor-heading-title elementor-size-small\">Si tienes consultas o aportes que realizar:<\/h2>\t\t<\/div>\n\t\t\t\t<\/div>\n\t\t\t\t<section class=\"elementor-section elementor-inner-section elementor-element elementor-element-2f2efef elementor-section-boxed elementor-section-height-default elementor-section-height-default\" data-id=\"2f2efef\" data-element_type=\"section\">\n\t\t\t\t\t\t<div class=\"elementor-container elementor-column-gap-default\">\n\t\t\t\t\t\t\t<div class=\"elementor-row\">\n\t\t\t\t\t<div class=\"elementor-column elementor-col-33 elementor-inner-column elementor-element elementor-element-8f04615\" data-id=\"8f04615\" data-element_type=\"column\">\n\t\t\t<div class=\"elementor-column-wrap elementor-element-populated\">\n\t\t\t\t\t\t\t<div class=\"elementor-widget-wrap\">\n\t\t\t\t\t\t<div class=\"elementor-element elementor-element-ded5184 elementor-icon-list--layout-traditional elementor-list-item-link-full_width elementor-widget elementor-widget-icon-list\" data-id=\"ded5184\" data-element_type=\"widget\" id=\"br\" data-widget_type=\"icon-list.default\">\n\t\t\t\t<div class=\"elementor-widget-container\">\n\t\t\t\t\t<ul class=\"elementor-icon-list-items\">\n\t\t\t\t\t\t\t<li class=\"elementor-icon-list-item\">\n\t\t\t\t\t\t\t\t\t\t\t<span class=\"elementor-icon-list-icon\">\n\t\t\t\t\t\t\t<svg xmlns=\"http:\/\/www.w3.org\/2000\/svg\" viewbox=\"0 0 44.06 43.39\"><defs><style>.cls-1{fill:#fa9c2e;fill-rule:evenodd;}<\/style><\/defs><g id=\"Capa_2\" data-name=\"Capa 2\"><g id=\"Capa_1-2\" data-name=\"Capa 1\"><polygon class=\"cls-1\" points=\"22.03 0 24.07 10.79 28.22 5.36 27.91 12.19 36.41 5.23 31.04 14.81 37.7 13.32 33.08 18.35 44.06 18.48 33.79 22.37 39.85 25.51 33.08 26.39 41.4 33.55 31.04 29.93 33.66 36.23 27.91 32.55 29.68 43.39 24.07 33.95 22.03 40.47 19.99 33.95 14.38 43.39 16.15 32.55 10.4 36.23 13.02 29.93 2.66 33.55 10.98 26.39 4.21 25.51 10.27 22.37 0 18.48 10.98 18.35 6.36 13.32 13.02 14.81 7.65 5.23 16.15 12.19 15.84 5.36 19.99 10.79 22.03 0\"><\/polygon><path d=\"M31.46,21.68c-.15.51-.15.81-.73.81-1.48.07-.59-1.84,0-2.36.88-.74,1.91-1.11,2.72-1.84l.07.14v.15a5.14,5.14,0,0,1-1.25,2.14A3.34,3.34,0,0,0,31.46,21.68Zm-.88-4.35a.52.52,0,1,1-.52.52A.5.5,0,0,1,30.58,17.33Zm1.18,4.79c.36-1.55,1.76-2.65,2.28-4.13,1.62-1.1,4.72-1,6.63-1.18-1.91-.59-4.93-.07-6.78.15-1.69-1.18-3.83-1.84-5.6-.51-1.62,1.25-1.76,2.57-1.91,4.2a21.32,21.32,0,0,0-2.21-2.36c-1.92-1.77-3.54-3.91-5.6-5.6C15,9.81,10.76,6,6.34,4.58a8.18,8.18,0,0,0-1.26-.29A1.51,1.51,0,0,0,6,5.17a1.52,1.52,0,0,1-.59-.07,1,1,0,0,0,.44.74v.07A3.57,3.57,0,0,0,5.45,6a.76.76,0,0,0,.3.52H5.38c0,.22.22.44.37.66v.15c-.3.07-.22.37,0,.59v.15H5.67c0,.07.08.22.08.29v.15c-.08,0-.15.07-.3.07A1.84,1.84,0,0,0,5.82,9v.15H5.67a.76.76,0,0,0,.3.52A.29.29,0,0,0,6,9.89c-.15,0-.22.07-.37.14.08.15.22.3.3.45-.08.07-.15.07-.3.14.22.15.52.3.74.45v.07c-.22.15-.15.29,0,.44C4.64,11,2.8,10.48,1,10v.08H0a3.11,3.11,0,0,0,1.25,1.32c0,.08.08.15.08.23H.44a1.54,1.54,0,0,0,1.4,1c-.22,0-.59.07-.81.07.15.52.81.66,1.33.89a5.62,5.62,0,0,1-.89.58,10.35,10.35,0,0,1,1.4.45c0,.07.08.07.08.14a1.11,1.11,0,0,1-.3.23c.3.07.44.29.74.36,0,.08.07.08.07.15s-.37.22-.51.3a4.81,4.81,0,0,0,1,.29c.07.07.14.15.14.22a2.73,2.73,0,0,0-.59.37,2.56,2.56,0,0,0,1.18.52c-1.55.36.08,1.4,1,1.32-.07.08-.29.3-.37.3.37.29,1,.22,1.47.37-.29.07-.36.29-.51.44a3.05,3.05,0,0,0,1,.37c-.07.07-.15.22-.22.29a1.28,1.28,0,0,0,1,.37.71.71,0,0,0,.88.59.58.58,0,0,0-.15.29c.52.15.45.08.59.59.3,0,.45.15.67.15,0,.15-.08.22-.08.29.22,0,.52.15.81.15,0,.08-.07.22-.07.3.22,0,.44.14.66.14.15.45.3.52.81.59.22.52,1.55.89,2.07,1.11a17.15,17.15,0,0,0,2.06.59c.52.29,1.11.59,1.62.81a26,26,0,0,0,4.72,1.84,7.52,7.52,0,0,1-5,1.7C15,29.78,12,27.87,10,26.39,8.18,25,8.18,26.24,9.5,27.5a13.19,13.19,0,0,0,3.32,2c-1.77-.08-3.24-1.18-5.08-1,.44,1.4,3,1.84,4.27,2.35-.59,0-3.68-.07-3.76.67-.15,1,3.76.36,4.42.36-1.32.3-3.53.52-4.42,1.7a9.82,9.82,0,0,0,3.61-.3A8.93,8.93,0,0,0,8,35.38c1.92,0,3.69-.88,5.6-1.32-1.33.51-3.39,1.76-4,3.09.74.66,4.28-2,5.31-2.28a52,52,0,0,1,6.78-.74c4.34-.52,8.17-2.06,9.94-6.34a7.28,7.28,0,0,0,.59-2.8C32.05,24.18,31.46,23.08,31.76,22.12Z\"><\/path><\/g><\/g><\/svg>\t\t\t\t\t\t<\/span>\n\t\t\t\t\t\t\t\t\t\t<span class=\"elementor-icon-list-text\">Provides information on species records<\/span>\n\t\t\t\t\t\t\t\t\t<\/li>\n\t\t\t\t\t\t<\/ul>\n\t\t\t\t<\/div>\n\t\t\t\t<\/div>\n\t\t\t\t\t\t<\/div>\n\t\t\t\t\t<\/div>\n\t\t<\/div>\n\t\t\t\t<div class=\"elementor-column elementor-col-33 elementor-inner-column elementor-element elementor-element-98168a7\" data-id=\"98168a7\" data-element_type=\"column\">\n\t\t\t<div class=\"elementor-column-wrap elementor-element-populated\">\n\t\t\t\t\t\t\t<div class=\"elementor-widget-wrap\">\n\t\t\t\t\t\t<div class=\"elementor-element elementor-element-4f80053 elementor-icon-list--layout-traditional elementor-list-item-link-full_width elementor-widget elementor-widget-icon-list\" data-id=\"4f80053\" data-element_type=\"widget\" id=\"am\" data-widget_type=\"icon-list.default\">\n\t\t\t\t<div class=\"elementor-widget-container\">\n\t\t\t\t\t<ul class=\"elementor-icon-list-items\">\n\t\t\t\t\t\t\t<li class=\"elementor-icon-list-item\">\n\t\t\t\t\t\t\t\t\t\t\t<span class=\"elementor-icon-list-icon\">\n\t\t\t\t\t\t\t<svg xmlns=\"http:\/\/www.w3.org\/2000\/svg\" viewbox=\"0 0 45 37\"><defs><style>.cls-1{fill:#dbd300;}<\/style><\/defs><g id=\"Capa_2\" data-name=\"Capa 2\"><g id=\"Capa_1-2\" data-name=\"Capa 1\"><rect class=\"cls-1\" x=\"9\" y=\"9\" width=\"36\" height=\"28\"><\/rect><path d=\"M15.3,16.32h8.16a1,1,0,0,0,0-2H15.3a1,1,0,1,0,0,2m0,4.08h4.08a1,1,0,0,0,0-2H15.3a1,1,0,0,0,0,2M42.84,34.68H34.68v-2h1a1,1,0,0,0,0-2H31.62a1,1,0,0,0,0,2h1v2H20.4v-2h1a1,1,0,0,0,0-2H17.34a1,1,0,0,0,0,2h1v2H10.2V10.2H42.84Zm0-26.52H10.2a2,2,0,0,0-2,2V34.68a2,2,0,0,0,2,2H42.84a2,2,0,0,0,2-2V10.2a2,2,0,0,0-2-2M15.3,24.48h8.16a1,1,0,0,0,0-2H15.3a1,1,0,0,0,0,2m-10.2,2H2V2H34.68V5.1a1,1,0,1,0,2,0V2a2,2,0,0,0-2-2H2A2,2,0,0,0,0,2V26.52a2,2,0,0,0,2,2H5.1a1,1,0,1,0,0-2m24.48-2h4.08a1,1,0,0,0,0-2H29.58a1,1,0,0,0,0,2m0-8.16h4.08a1,1,0,1,0,0-2H29.58a1,1,0,0,0,0,2m0,4.08h8.16a1,1,0,0,0,0-2H29.58a1,1,0,0,0,0,2\"><\/path><\/g><\/g><\/svg>\t\t\t\t\t\t<\/span>\n\t\t\t\t\t\t\t\t\t\t<span class=\"elementor-icon-list-text\">Share researchs based on biodiversity in ANP<\/span>\n\t\t\t\t\t\t\t\t\t<\/li>\n\t\t\t\t\t\t<\/ul>\n\t\t\t\t<\/div>\n\t\t\t\t<\/div>\n\t\t\t\t\t\t<\/div>\n\t\t\t\t\t<\/div>\n\t\t<\/div>\n\t\t\t\t<div class=\"elementor-column elementor-col-33 elementor-inner-column elementor-element elementor-element-6cae333\" data-id=\"6cae333\" data-element_type=\"column\">\n\t\t\t<div class=\"elementor-column-wrap elementor-element-populated\">\n\t\t\t\t\t\t\t<div class=\"elementor-widget-wrap\">\n\t\t\t\t\t\t<div class=\"elementor-element elementor-element-2c9a7dd elementor-icon-list--layout-traditional elementor-list-item-link-full_width elementor-widget elementor-widget-icon-list\" data-id=\"2c9a7dd\" data-element_type=\"widget\" id=\"fl\" data-widget_type=\"icon-list.default\">\n\t\t\t\t<div class=\"elementor-widget-container\">\n\t\t\t\t\t<ul class=\"elementor-icon-list-items\">\n\t\t\t\t\t\t\t<li class=\"elementor-icon-list-item\">\n\t\t\t\t\t\t\t\t\t\t\t<span class=\"elementor-icon-list-icon\">\n\t\t\t\t\t\t\t<svg xmlns=\"http:\/\/www.w3.org\/2000\/svg\" viewbox=\"0 0 47 56\"><defs><style>.cls-1{fill:#0ab6d5;}<\/style><\/defs><g id=\"Capa_2\" data-name=\"Capa 2\"><g id=\"Capa_1-2\" data-name=\"Capa 1\"><path d=\"M43,42H11a1,1,0,0,0,0,2H43a1,1,0,0,0,0-2m0-10H11a1,1,0,0,0,0,2H43a1,1,0,0,0,0-2M3,20a3,3,0,0,0,0,6,3,3,0,0,0,0-6M43,52H11a1,1,0,0,0,0,2H43a1,1,0,0,0,0-2M11,24H43a1,1,0,0,0,0-2H11a1,1,0,0,0,0,2M3,50a3,3,0,0,0,0,6,3,3,0,0,0,0-6M3,30a3,3,0,0,0,0,6,3,3,0,0,0,0-6M3,40a3,3,0,0,0,0,6,3,3,0,0,0,0-6\"><\/path><path class=\"cls-1\" d=\"M46.7,11.3,34.7.3A.91.91,0,0,0,34,0a.94.94,0,0,0-1,1V6c-5.3.4-30,4.2-30,37a.94.94,0,0,0,1,1,.94.94,0,0,0,1-1c0-10.3,5-17.7,14.8-21.8A42,42,0,0,1,33,18.1V23a.94.94,0,0,0,1,1,.91.91,0,0,0,.7-.3l12-11a1,1,0,0,0,0-1.4\"><\/path><\/g><\/g><\/svg>\t\t\t\t\t\t<\/span>\n\t\t\t\t\t\t\t\t\t\t<span class=\"elementor-icon-list-text\">Share information about any ANP to elaborate \"Do you know...\"<\/span>\n\t\t\t\t\t\t\t\t\t<\/li>\n\t\t\t\t\t\t<\/ul>\n\t\t\t\t<\/div>\n\t\t\t\t<\/div>\n\t\t\t\t\t\t<\/div>\n\t\t\t\t\t<\/div>\n\t\t<\/div>\n\t\t\t\t\t\t\t\t<\/div>\n\t\t\t\t\t<\/div>\n\t\t<\/section>\n\t\t\t\t<section class=\"elementor-section elementor-inner-section elementor-element elementor-element-bdd8e9a elementor-section-boxed elementor-section-height-default elementor-section-height-default\" data-id=\"bdd8e9a\" data-element_type=\"section\">\n\t\t\t\t\t\t<div class=\"elementor-container elementor-column-gap-default\">\n\t\t\t\t\t\t\t<div class=\"elementor-row\">\n\t\t\t\t\t<div class=\"elementor-column elementor-col-33 elementor-inner-column elementor-element elementor-element-93be7b9\" data-id=\"93be7b9\" data-element_type=\"column\">\n\t\t\t<div class=\"elementor-column-wrap elementor-element-populated\">\n\t\t\t\t\t\t\t<div class=\"elementor-widget-wrap\">\n\t\t\t\t\t\t<div class=\"elementor-element elementor-element-f8deef4 elementor-widget elementor-widget-text-editor\" data-id=\"f8deef4\" data-element_type=\"widget\" data-widget_type=\"text-editor.default\">\n\t\t\t\t<div class=\"elementor-widget-container\">\n\t\t\t\t\t\t\t\t<div class=\"elementor-text-editor elementor-clearfix\">\n\t\t\t\t<p>Si tienes informaci\u00f3n sobre el registro de una o m\u00e1s especies en un \u00e1rea natural protegida para actualizar los listados de biodiversidad.<\/p>\t\t\t\t\t<\/div>\n\t\t\t\t\t\t<\/div>\n\t\t\t\t<\/div>\n\t\t\t\t\t\t<\/div>\n\t\t\t\t\t<\/div>\n\t\t<\/div>\n\t\t\t\t<div class=\"elementor-column elementor-col-33 elementor-inner-column elementor-element elementor-element-881b977\" data-id=\"881b977\" data-element_type=\"column\">\n\t\t\t<div class=\"elementor-column-wrap elementor-element-populated\">\n\t\t\t\t\t\t\t<div class=\"elementor-widget-wrap\">\n\t\t\t\t\t\t<div class=\"elementor-element elementor-element-a2498c8 elementor-widget elementor-widget-text-editor\" data-id=\"a2498c8\" data-element_type=\"widget\" data-widget_type=\"text-editor.default\">\n\t\t\t\t<div class=\"elementor-widget-container\">\n\t\t\t\t\t\t\t\t<div class=\"elementor-text-editor elementor-clearfix\">\n\t\t\t\t<p>Si conoces una investigaci\u00f3n publicada o en proceso de ser publicada, comp\u00e1rtela dentro de la biblioteca digital.<\/p>\t\t\t\t\t<\/div>\n\t\t\t\t\t\t<\/div>\n\t\t\t\t<\/div>\n\t\t\t\t\t\t<\/div>\n\t\t\t\t\t<\/div>\n\t\t<\/div>\n\t\t\t\t<div class=\"elementor-column elementor-col-33 elementor-inner-column elementor-element elementor-element-bb076ce\" data-id=\"bb076ce\" data-element_type=\"column\">\n\t\t\t<div class=\"elementor-column-wrap elementor-element-populated\">\n\t\t\t\t\t\t\t<div class=\"elementor-widget-wrap\">\n\t\t\t\t\t\t<div class=\"elementor-element elementor-element-46859bd elementor-widget elementor-widget-text-editor\" data-id=\"46859bd\" data-element_type=\"widget\" data-widget_type=\"text-editor.default\">\n\t\t\t\t<div class=\"elementor-widget-container\">\n\t\t\t\t\t\t\t\t<div class=\"elementor-text-editor elementor-clearfix\">\n\t\t\t\t<p>Si tienes informaci\u00f3n sobre alg\u00fan dato relevante en \u00e1reas naturales protegidas.\u00a0<\/p>\t\t\t\t\t<\/div>\n\t\t\t\t\t\t<\/div>\n\t\t\t\t<\/div>\n\t\t\t\t\t\t<\/div>\n\t\t\t\t\t<\/div>\n\t\t<\/div>\n\t\t\t\t\t\t\t\t<\/div>\n\t\t\t\t\t<\/div>\n\t\t<\/section>\n\t\t\t\t<div class=\"elementor-element elementor-element-29a99e5 elementor-widget elementor-widget-text-editor\" data-id=\"29a99e5\" data-element_type=\"widget\" data-widget_type=\"text-editor.default\">\n\t\t\t\t<div class=\"elementor-widget-container\">\n\t\t\t\t\t\t\t\t<div class=\"elementor-text-editor elementor-clearfix\">\n\t\t\t\tSi tienes alguna consulta o quieres aportar con alguna informaci\u00f3n cont\u00e1ctate directamente al correo <a style=\"color: #fa9c2e; text-decoration: underline;\" href=\"mailto:biodiversidadanp@sernanp.gob.pe\">biodiversidadanp@sernanp.gob.pe<\/a>, o completa el siguiente formulario y nos pondremos en contacto:\t\t\t\t\t<\/div>\n\t\t\t\t\t\t<\/div>\n\t\t\t\t<\/div>\n\t\t\t\t\t\t<\/div>\n\t\t\t\t\t<\/div>\n\t\t<\/div>\n\t\t\t\t<div class=\"elementor-column elementor-col-50 elementor-top-column elementor-element elementor-element-3960975\" data-id=\"3960975\" data-element_type=\"column\">\n\t\t\t<div class=\"elementor-column-wrap elementor-element-populated\">\n\t\t\t\t\t\t\t<div class=\"elementor-widget-wrap\">\n\t\t\t\t\t\t<div class=\"elementor-element elementor-element-e5d4e7f eael-contact-form-7-button-align-left eael-contact-form-7-button-custom elementor-widget elementor-widget-eael-contact-form-7\" data-id=\"e5d4e7f\" data-element_type=\"widget\" data-widget_type=\"eael-contact-form-7.default\">\n\t\t\t\t<div class=\"elementor-widget-container\">\n\t\t\t<div class=\"eael-contact-form-7-wrapper\">\n                <div class=\"eael-contact-form eael-contact-form-7 eael-contact-form-e5d4e7f placeholder-show eael-contact-form-align-default\"><div role=\"form\" class=\"wpcf7\" id=\"wpcf7-f141-o1\" lang=\"es-ES\" dir=\"ltr\">\n<div class=\"screen-reader-response\"><p role=\"status\" aria-live=\"polite\" aria-atomic=\"true\"><\/p> <ul><\/ul><\/div>\n<form action=\"\/en\/wp-json\/wp\/v2\/pages\/76#wpcf7-f141-o1\" method=\"post\" class=\"wpcf7-form init\" novalidate=\"novalidate\" data-status=\"init\" data-trp-original-action=\"\/en\/wp-json\/wp\/v2\/pages\/76#wpcf7-f141-o1\">\n<div style=\"display: none;\">\n<input type=\"hidden\" name=\"_wpcf7\" value=\"141\" \/>\n<input type=\"hidden\" name=\"_wpcf7_version\" value=\"5.5.6\" \/>\n<input type=\"hidden\" name=\"_wpcf7_locale\" value=\"es_ES\" \/>\n<input type=\"hidden\" name=\"_wpcf7_unit_tag\" value=\"wpcf7-f141-o1\" \/>\n<input type=\"hidden\" name=\"_wpcf7_container_post\" value=\"0\" \/>\n<input type=\"hidden\" name=\"_wpcf7_posted_data_hash\" value=\"\" \/>\n<\/div>\n<p><label> Seleccione la consulta, sugerencia o aporte<br \/>\n<span class=\"wpcf7-form-control-wrap seleccion\"><select name=\"seleccion\" class=\"wpcf7-form-control wpcf7-select\" aria-invalid=\"false\"><option value=\"registro de especies\">registro de especies<\/option><option value=\"informaci\u00f3n de biodiversidad\">informaci\u00f3n de biodiversidad<\/option><option value=\"sabias qu\u00e9\">sabias qu\u00e9<\/option><\/select><\/span> <\/label><\/p>\n<p><label> Nombre<br \/>\n    <span class=\"wpcf7-form-control-wrap your-name\"><input type=\"text\" name=\"your-name\" value=\"\" size=\"40\" class=\"wpcf7-form-control wpcf7-text wpcf7-validates-as-required\" aria-required=\"true\" aria-invalid=\"false\" \/><\/span> <\/label><\/p>\n<p><label> Email<br \/>\n    <span class=\"wpcf7-form-control-wrap your-email\"><input type=\"email\" name=\"your-email\" value=\"\" size=\"40\" class=\"wpcf7-form-control wpcf7-text wpcf7-email wpcf7-validates-as-required wpcf7-validates-as-email\" aria-required=\"true\" aria-invalid=\"false\" \/><\/span> <\/label><\/p>\n<p><label> Asunto<br \/>\n    <span class=\"wpcf7-form-control-wrap your-message\"><textarea name=\"your-message\" cols=\"40\" rows=\"10\" class=\"wpcf7-form-control wpcf7-textarea\" aria-invalid=\"false\"><\/textarea><\/span> <\/label><\/p>\n<p><input type=\"submit\" value=\"Enviar\" class=\"wpcf7-form-control has-spinner wpcf7-submit\" \/><\/p>\n<div class=\"wpcf7-response-output\" aria-hidden=\"true\"><\/div><input type=\"hidden\" name=\"trp-form-language\" value=\"en\"\/><\/form><\/div><\/div>\n            <\/div>\t\t<\/div>\n\t\t\t\t<\/div>\n\t\t\t\t\t\t<\/div>\n\t\t\t\t\t<\/div>\n\t\t<\/div>\n\t\t\t\t\t\t\t\t<\/div>\n\t\t\t\t\t<\/div>\n\t\t<\/section>\n\t\t\t\t\t\t<\/div>\n\t\t\t\t\t\t<\/div>\n\t\t\t\t\t<\/div>","protected":false},"excerpt":{"rendered":"<p>Cont\u00e1ctenos Si tienes consultas o aportes que realizar: Aporta informaci\u00f3n sobre registros de especies Comparte investigaci\u00f3n sobre biodiversidad en ANP Comparte informaci\u00f3n de un ANP para elaborar sabias que.. Si tienes informaci\u00f3n sobre el registro de una o m\u00e1s especies en un \u00e1rea natural protegida para actualizar los listados de biodiversidad. Si conoces una investigaci\u00f3n publicada o en proceso de ser publicada, comp\u00e1rtela dentro de la biblioteca digital. Si tienes informaci\u00f3n sobre alg\u00fan dato relevante en \u00e1reas naturales protegidas.&nbsp; Si tienes alguna consulta o quieres aportar con alguna informaci\u00f3n cont\u00e1ctate directamente al correo biodiversidadanp@sernanp.gob.pe, o completa el siguiente formulario y\u2026<\/p>","protected":false},"author":1,"featured_media":0,"parent":0,"menu_order":0,"comment_status":"closed","ping_status":"closed","template":"elementor_header_footer","meta":{"om_disable_all_campaigns":false,"_mi_skip_tracking":false,"_monsterinsights_sitenote_active":false,"_monsterinsights_sitenote_note":"","_monsterinsights_sitenote_category":0},"blocksy_meta":{"styles_descriptor":{"styles":{"desktop":"","tablet":"","mobile":""},"google_fonts":[],"version":4}},"aioseo_notices":[],"_links":{"self":[{"href":"https:\/\/biodiversidadanp.sernanp.gob.pe\/en\/wp-json\/wp\/v2\/pages\/76"}],"collection":[{"href":"https:\/\/biodiversidadanp.sernanp.gob.pe\/en\/wp-json\/wp\/v2\/pages"}],"about":[{"href":"https:\/\/biodiversidadanp.sernanp.gob.pe\/en\/wp-json\/wp\/v2\/types\/page"}],"author":[{"embeddable":true,"href":"https:\/\/biodiversidadanp.sernanp.gob.pe\/en\/wp-json\/wp\/v2\/users\/1"}],"replies":[{"embeddable":true,"href":"https:\/\/biodiversidadanp.sernanp.gob.pe\/en\/wp-json\/wp\/v2\/comments?post=76"}],"version-history":[{"count":61,"href":"https:\/\/biodiversidadanp.sernanp.gob.pe\/en\/wp-json\/wp\/v2\/pages\/76\/revisions"}],"predecessor-version":[{"id":8019,"href":"https:\/\/biodiversidadanp.sernanp.gob.pe\/en\/wp-json\/wp\/v2\/pages\/76\/revisions\/8019"}],"wp:attachment":[{"href":"https:\/\/biodiversidadanp.sernanp.gob.pe\/en\/wp-json\/wp\/v2\/media?parent=76"}],"curies":[{"name":"wp","href":"https:\/\/api.w.org\/{rel}","templated":true}]}}