{"id":733,"date":"2021-11-25T16:49:55","date_gmt":"2021-11-25T16:49:55","guid":{"rendered":"https:\/\/biodiversidadanp.sernanp.gob.pe?page_id=733"},"modified":"2025-05-19T08:30:15","modified_gmt":"2025-05-19T13:30:15","slug":"especies","status":"publish","type":"page","link":"https:\/\/biodiversidadanp.sernanp.gob.pe\/en\/especies\/","title":{"rendered":"Species"},"content":{"rendered":"<div data-elementor-type=\"wp-page\" data-elementor-id=\"733\" data-post-id=\"733\" data-obj-id=\"733\" class=\"elementor elementor-733 dce-elementor-post-733\" data-elementor-settings=\"[]\">\n\t\t\t\t\t\t<div class=\"elementor-inner\">\n\t\t\t\t\t\t\t<div class=\"elementor-section-wrap\">\n\t\t\t\t\t\t\t<section data-dce-background-overlay-color=\"#000000\" data-dce-background-image-url=\"https:\/\/biodiversidadanp.sernanp.gob.pe\/wp-content\/uploads\/2021\/12\/Recurso-1-100.jpg\" class=\"elementor-section elementor-top-section elementor-element elementor-element-56f45c6 ct-section-stretched elementor-section-boxed elementor-section-height-default elementor-section-height-default\" data-id=\"56f45c6\" data-element_type=\"section\" data-settings=\"{&quot;background_background&quot;:&quot;classic&quot;}\">\n\t\t\t\t\t\t\t<div class=\"elementor-background-overlay\"><\/div>\n\t\t\t\t\t\t\t<div class=\"elementor-container elementor-column-gap-default\">\n\t\t\t\t\t\t\t<div class=\"elementor-row\">\n\t\t\t\t\t<div class=\"elementor-column elementor-col-100 elementor-top-column elementor-element elementor-element-3d2c576\" data-id=\"3d2c576\" data-element_type=\"column\">\n\t\t\t<div class=\"elementor-column-wrap elementor-element-populated\">\n\t\t\t\t\t\t\t<div class=\"elementor-widget-wrap\">\n\t\t\t\t\t\t<section class=\"elementor-section elementor-inner-section elementor-element elementor-element-9a9da8c elementor-section-boxed elementor-section-height-default elementor-section-height-default\" data-id=\"9a9da8c\" data-element_type=\"section\">\n\t\t\t\t\t\t<div class=\"elementor-container elementor-column-gap-default\">\n\t\t\t\t\t\t\t<div class=\"elementor-row\">\n\t\t\t\t\t<div class=\"elementor-column elementor-col-25 elementor-inner-column elementor-element elementor-element-b682ed9\" data-id=\"b682ed9\" data-element_type=\"column\">\n\t\t\t<div class=\"elementor-column-wrap elementor-element-populated\">\n\t\t\t\t\t\t\t<div class=\"elementor-widget-wrap\">\n\t\t\t\t\t\t<div class=\"elementor-element elementor-element-7d5ff42 elementor-widget elementor-widget-heading\" data-id=\"7d5ff42\" data-element_type=\"widget\" data-widget_type=\"heading.default\">\n\t\t\t\t<div class=\"elementor-widget-container\">\n\t\t\t<h2 class=\"elementor-heading-title elementor-size-default\">Conociendo las<\/h2>\t\t<\/div>\n\t\t\t\t<\/div>\n\t\t\t\t<div class=\"elementor-element elementor-element-1ca9d2b elementor-widget elementor-widget-heading\" data-id=\"1ca9d2b\" data-element_type=\"widget\" data-widget_type=\"heading.default\">\n\t\t\t\t<div class=\"elementor-widget-container\">\n\t\t\t<h2 class=\"elementor-heading-title elementor-size-default\">Species<\/h2>\t\t<\/div>\n\t\t\t\t<\/div>\n\t\t\t\t<div class=\"elementor-element elementor-element-e0dd6d0 elementor-widget elementor-widget-heading\" data-id=\"e0dd6d0\" data-element_type=\"widget\" data-widget_type=\"heading.default\">\n\t\t\t\t<div class=\"elementor-widget-container\">\n\t\t\t<h2 class=\"elementor-heading-title elementor-size-default\">de las \u00e1reas naturales protegidas.\n\n\n<\/h2>\t\t<\/div>\n\t\t\t\t<\/div>\n\t\t\t\t<div class=\"elementor-element elementor-element-255a701 elementor-widget elementor-widget-html\" data-id=\"255a701\" data-element_type=\"widget\" data-widget_type=\"html.default\">\n\t\t\t\t<div class=\"elementor-widget-container\">\n\t\t\t<div id=\"idSearchEspecies\" class=\"wrapper-search-anp\">\r\n    <div class=\"search-input-anp\">\r\n        <a href=\"\" target=\"_blank\" hidden><\/a>\r\n        <input type=\"text\" placeholder=\"Escribe para buscar..\" \/>\r\n        <div\r\n            class=\"autocom-box-search-anp jet-ajax-search__results-area show\"\r\n        ><\/div>\r\n        <div id=\"searchButton\" class=\"icon search-disabled\">\r\n            <em class=\"fas fa-search\"><\/em>\r\n        <\/div>\r\n    <\/div>\r\n<\/div>\r\n\t\t<\/div>\n\t\t\t\t<\/div>\n\t\t\t\t<div class=\"elementor-element elementor-element-9709ef7 elementor-widget elementor-widget-heading\" data-id=\"9709ef7\" data-element_type=\"widget\" data-widget_type=\"heading.default\">\n\t\t\t\t<div class=\"elementor-widget-container\">\n\t\t\t<h2 class=\"elementor-heading-title elementor-size-default\">En esta secci\u00f3n podr\u00e1n conocer las cifras de especies de flora y fauna registradas a nivel del SINANPE.<\/h2>\t\t<\/div>\n\t\t\t\t<\/div>\n\t\t\t\t\t\t<\/div>\n\t\t\t\t\t<\/div>\n\t\t<\/div>\n\t\t\t\t<div class=\"elementor-column elementor-col-25 elementor-inner-column elementor-element elementor-element-8509c54\" data-id=\"8509c54\" data-element_type=\"column\">\n\t\t\t<div class=\"elementor-column-wrap elementor-element-populated\">\n\t\t\t\t\t\t\t<div class=\"elementor-widget-wrap\">\n\t\t\t\t\t\t<div class=\"elementor-element elementor-element-a3e4ef3 dce_masking-none elementor-widget elementor-widget-image\" data-id=\"a3e4ef3\" data-element_type=\"widget\" data-widget_type=\"image.default\">\n\t\t\t\t<div class=\"elementor-widget-container\">\n\t\t\t\t\t\t\t\t<div class=\"elementor-image\">\n\t\t\t\t\t\t\t\t\t\t\t\t<img width=\"55\" height=\"70\" src=\"https:\/\/biodiversidadanp.sernanp.gob.pe\/wp-content\/uploads\/2021\/12\/especie1.png\" class=\"attachment-large size-large\" alt=\"\" loading=\"lazy\" \/>\t\t\t\t\t\t\t\t\t\t\t\t\t\t<\/div>\n\t\t\t\t\t\t<\/div>\n\t\t\t\t<\/div>\n\t\t\t\t<div class=\"elementor-element elementor-element-799e7da elementor-widget elementor-widget-heading\" data-id=\"799e7da\" data-element_type=\"widget\" data-widget_type=\"heading.default\">\n\t\t\t\t<div class=\"elementor-widget-container\">\n\t\t\t<h2 class=\"elementor-heading-title elementor-size-default\">Fauna<\/h2>\t\t<\/div>\n\t\t\t\t<\/div>\n\t\t\t\t<div class=\"elementor-element elementor-element-7740a37 elementor-widget elementor-widget-heading\" data-id=\"7740a37\" data-element_type=\"widget\" data-widget_type=\"heading.default\">\n\t\t\t\t<div class=\"elementor-widget-container\">\n\t\t\t<h2 class=\"elementor-heading-title elementor-size-default\">5,622<\/h2>\t\t<\/div>\n\t\t\t\t<\/div>\n\t\t\t\t<div class=\"elementor-element elementor-element-4bb7e12 elementor-widget elementor-widget-heading\" data-id=\"4bb7e12\" data-element_type=\"widget\" data-widget_type=\"heading.default\">\n\t\t\t\t<div class=\"elementor-widget-container\">\n\t\t\t<h2 class=\"elementor-heading-title elementor-size-default\">especies registradas<\/h2>\t\t<\/div>\n\t\t\t\t<\/div>\n\t\t\t\t\t\t<\/div>\n\t\t\t\t\t<\/div>\n\t\t<\/div>\n\t\t\t\t<div class=\"elementor-column elementor-col-25 elementor-inner-column elementor-element elementor-element-bef87d3\" data-id=\"bef87d3\" data-element_type=\"column\">\n\t\t\t<div class=\"elementor-column-wrap elementor-element-populated\">\n\t\t\t\t\t\t\t<div class=\"elementor-widget-wrap\">\n\t\t\t\t\t\t<div class=\"elementor-element elementor-element-ddc2c06 dce_masking-none elementor-widget elementor-widget-image\" data-id=\"ddc2c06\" data-element_type=\"widget\" data-widget_type=\"image.default\">\n\t\t\t\t<div class=\"elementor-widget-container\">\n\t\t\t\t\t\t\t\t<div class=\"elementor-image\">\n\t\t\t\t\t\t\t\t\t\t\t\t<img width=\"46\" height=\"46\" src=\"https:\/\/biodiversidadanp.sernanp.gob.pe\/wp-content\/uploads\/2021\/12\/especie2.png\" class=\"attachment-large size-large\" alt=\"\" loading=\"lazy\" \/>\t\t\t\t\t\t\t\t\t\t\t\t\t\t<\/div>\n\t\t\t\t\t\t<\/div>\n\t\t\t\t<\/div>\n\t\t\t\t<div class=\"elementor-element elementor-element-647e3f8 elementor-widget elementor-widget-heading\" data-id=\"647e3f8\" data-element_type=\"widget\" data-widget_type=\"heading.default\">\n\t\t\t\t<div class=\"elementor-widget-container\">\n\t\t\t<h2 class=\"elementor-heading-title elementor-size-default\">Flora<\/h2>\t\t<\/div>\n\t\t\t\t<\/div>\n\t\t\t\t<div class=\"elementor-element elementor-element-0658739 elementor-widget elementor-widget-heading\" data-id=\"0658739\" data-element_type=\"widget\" data-widget_type=\"heading.default\">\n\t\t\t\t<div class=\"elementor-widget-container\">\n\t\t\t<h2 class=\"elementor-heading-title elementor-size-default\">12,076<\/h2>\t\t<\/div>\n\t\t\t\t<\/div>\n\t\t\t\t<div class=\"elementor-element elementor-element-7679748 elementor-widget elementor-widget-heading\" data-id=\"7679748\" data-element_type=\"widget\" data-widget_type=\"heading.default\">\n\t\t\t\t<div class=\"elementor-widget-container\">\n\t\t\t<h2 class=\"elementor-heading-title elementor-size-default\">especies registradas<\/h2>\t\t<\/div>\n\t\t\t\t<\/div>\n\t\t\t\t\t\t<\/div>\n\t\t\t\t\t<\/div>\n\t\t<\/div>\n\t\t\t\t<div class=\"elementor-column elementor-col-25 elementor-inner-column elementor-element elementor-element-d1817c8\" data-id=\"d1817c8\" data-element_type=\"column\">\n\t\t\t<div class=\"elementor-column-wrap elementor-element-populated\">\n\t\t\t\t\t\t\t<div class=\"elementor-widget-wrap\">\n\t\t\t\t\t\t<div class=\"elementor-element elementor-element-a29d464 dce_masking-none elementor-widget elementor-widget-image\" data-id=\"a29d464\" data-element_type=\"widget\" data-widget_type=\"image.default\">\n\t\t\t\t<div class=\"elementor-widget-container\">\n\t\t\t\t\t\t\t\t<div class=\"elementor-image\">\n\t\t\t\t\t\t\t\t\t\t\t\t<img width=\"60\" height=\"48\" src=\"https:\/\/biodiversidadanp.sernanp.gob.pe\/wp-content\/uploads\/2023\/09\/pez-especie.png\" class=\"attachment-large size-large\" alt=\"\" loading=\"lazy\" srcset=\"https:\/\/biodiversidadanp.sernanp.gob.pe\/wp-content\/uploads\/2023\/09\/pez-especie.png 60w, https:\/\/biodiversidadanp.sernanp.gob.pe\/wp-content\/uploads\/2023\/09\/pez-especie-15x12.png 15w\" sizes=\"(max-width: 60px) 100vw, 60px\" \/>\t\t\t\t\t\t\t\t\t\t\t\t\t\t<\/div>\n\t\t\t\t\t\t<\/div>\n\t\t\t\t<\/div>\n\t\t\t\t<div class=\"elementor-element elementor-element-8fdf841 elementor-widget elementor-widget-heading\" data-id=\"8fdf841\" data-element_type=\"widget\" data-widget_type=\"heading.default\">\n\t\t\t\t<div class=\"elementor-widget-container\">\n\t\t\t<h2 class=\"elementor-heading-title elementor-size-default\">Hidrobiol\u00f3gicos<\/h2>\t\t<\/div>\n\t\t\t\t<\/div>\n\t\t\t\t<div class=\"elementor-element elementor-element-c73f34c elementor-widget elementor-widget-heading\" data-id=\"c73f34c\" data-element_type=\"widget\" data-widget_type=\"heading.default\">\n\t\t\t\t<div class=\"elementor-widget-container\">\n\t\t\t<h2 class=\"elementor-heading-title elementor-size-default\">790<\/h2>\t\t<\/div>\n\t\t\t\t<\/div>\n\t\t\t\t<div class=\"elementor-element elementor-element-9e271cd elementor-widget elementor-widget-heading\" data-id=\"9e271cd\" data-element_type=\"widget\" data-widget_type=\"heading.default\">\n\t\t\t\t<div class=\"elementor-widget-container\">\n\t\t\t<h2 class=\"elementor-heading-title elementor-size-default\">especies registradas<\/h2>\t\t<\/div>\n\t\t\t\t<\/div>\n\t\t\t\t\t\t<\/div>\n\t\t\t\t\t<\/div>\n\t\t<\/div>\n\t\t\t\t\t\t\t\t<\/div>\n\t\t\t\t\t<\/div>\n\t\t<\/section>\n\t\t\t\t\t\t<\/div>\n\t\t\t\t\t<\/div>\n\t\t<\/div>\n\t\t\t\t\t\t\t\t<\/div>\n\t\t\t\t\t<\/div>\n\t\t<\/section>\n\t\t\t\t<section class=\"elementor-section elementor-top-section elementor-element elementor-element-4668e92 elementor-section-boxed elementor-section-height-default elementor-section-height-default\" data-id=\"4668e92\" data-element_type=\"section\">\n\t\t\t\t\t\t<div class=\"elementor-container elementor-column-gap-default\">\n\t\t\t\t\t\t\t<div class=\"elementor-row\">\n\t\t\t\t\t<div class=\"elementor-column elementor-col-100 elementor-top-column elementor-element elementor-element-0f88fdb\" data-id=\"0f88fdb\" data-element_type=\"column\">\n\t\t\t<div class=\"elementor-column-wrap elementor-element-populated\">\n\t\t\t\t\t\t\t<div class=\"elementor-widget-wrap\">\n\t\t\t\t\t\t<div class=\"elementor-element elementor-element-9634082 elementor-widget elementor-widget-dce-rawphp\" data-id=\"9634082\" data-element_type=\"widget\" data-widget_type=\"dce-rawphp.default\">\n\t\t\t\t<div class=\"elementor-widget-container\">\n\t\t\t<!-- Dynamic PHP Raw -->\n\n<style type=\"text\/css\">\n\n\t\t.nav-item .nav-link{\n            font-weight: 700;\n\t\t    font-size: 16px;\n\t\t    padding: 7px 30px;\n\t\t    box-sizing: border-box;\n\t\t    color: #ffffff;\n\t\t    background-color: #000;\n\n\t\t}\n\n\t    .nav-tabs .nav-item.show .nav-link, \n\t    .nav-tabs .nav-link.active {\n\t\t    color: #000;\n\t\t    background: #fff;\n\t\t}\n\n\t\t#tituloecorregines{\n\t\t    background: #000;\n\t\t    color: #fff;\n\t\t    display: inline;\n\t\t    padding: 5px 31px;\n\t\t    font-size: 21px;\n\t\t}\n\n\t\t#tituloRegiones{\n\t\t  \n\t\t    margin: 0px;\n\t\t    font-weight: 700;\n\t\t    padding: 13px;\n\t\t    font-size: 14px;\n\t\t    color: #000;\n\t\t    text-align: center;\n\t\t    text-transform: uppercase;\n\t\t}\n\n\t\t.datos{\n     \t \t  display: flex;\n     \t \t \n\n\t     \t}\n\n\t     \t.dato{\n\t     \t   display: grid;\n\t          border-right: 1px solid #ddd;\n\t          padding: 5px 10px;\n\t     \t}\n\n\t     \t.dato img{\n\t     \t   width: 71px;\n\t     \t}\n\t     \t.dato h2{\n\t     \t   font-size: 25px;\n\t     \t   font-weight: 600;\n\t          margin: auto;\n\t     \t}\n\n\t     \t.dato h3{\n\t     \t   font-size: 14px;\n\t          margin: auto;\n\t     \t}\n\t<\/style>\n    <div class=\"container-fluid mt-1\" id=\"mostrasTipoEspecies\">\n      \n\t\t     <ul class=\"nav nav-tabs\" id=\"myTab\" role=\"tablist\">\n\t\t\t\t<li class=\"nav-item\">\n\t\t\t\t    <a class=\"nav-link active\" id=\"flora-tab\" data-toggle=\"tab\" href=\"#home\" role=\"tab\" aria-controls=\"home\" aria-selected=\"true\">Flora<\/a>\n\t\t\t\t<\/li>\n\t\t\t\t<li class=\"nav-item\">\n\t\t\t\t    <a class=\"nav-link\" id=\"fauna-tab\" data-toggle=\"tab\" href=\"#profile\" role=\"tab\" aria-controls=\"profile\" aria-selected=\"false\">Fauna<\/a>\n\t\t\t\t<\/li>\n\t\t\t\t<li class=\"nav-item\">\n\t\t\t\t    <a class=\"nav-link\" id=\"hidro-tab\" data-toggle=\"tab\" href=\"#hidro\" role=\"tab\" aria-controls=\"hidro\" aria-selected=\"false\">Hidrobiol\u00f3gicos<\/a>\n\t\t\t\t<\/li>\n\t\t\t<\/ul>\n\t\t\t<div class=\"tab-content\" id=\"myTabContent\">\n\t\t\t\t  <div class=\"tab-pane fade show active\" id=\"home\" role=\"tabpanel\" aria-labelledby=\"home-tab\">\n\t\t\t\t      \t<div class=\"row\"><\/div>\n\t\t\t\t  <\/div>\n\t\t\t\t  <div class=\"tab-pane fade\" id=\"profile\" role=\"tabpanel\" aria-labelledby=\"profile-tab\">\n\t\t\t\t  \t  <div class=\"row\"><\/div>\n\t\t\t\t <\/div>\n\t\t\t\t \n\t\t\t\t <div class=\"tab-pane fade\" id=\"hidro\" role=\"tabpanel\" aria-labelledby=\"hidro-tab\">\n\t\t\t\t  \t  <div class=\"row\"><\/div>\n\t\t\t\t <\/div>\n\t\t    <\/div>\n\t\t    \n\t <\/div>\n\t \n\t <div class=\"container-fluid mt-4 m\" id=\"mostrasXTipoEspecie\" style=\"display:none\">\n\t   \n\t\t<nav aria-label=\"breadcrumb\">\n          <ol class=\"breadcrumb\" id=\"regresarTipoEspecie\" >\n            <li class=\"breadcrumb-item\"><a class=\"btn btn-secondary p-2 text-white\" >\u2190<\/a><\/li>\n            <li class=\"breadcrumb-item active\" aria-current=\"page\"><strong class=\"texto-cabceras\"><\/strong><\/li>\n          <\/ol>\n        <\/nav>\n\t     \n\t    <table  id=\"mostrarInformacionFichaAnp\" class=\"table table-striped\" >\n                        <thead>\n                            <tr>\n                                <th>Fauna\/Flora<\/th>\n                                <th>Grupo Taxonomico<\/th>\n                                <th>Clases<\/th>\n                                <th>Orden<\/th>\n                                <th>Familia<\/th>\n                                <th>Nombre Cientifico<\/th>\n                                <th>Posee Ficha<\/th>\n                                <th>Imagen<\/th>\n                                <th><\/th>\n                            <\/tr> \n                        <\/thead>\n                        <tbody>\n                            \n                        <\/tbody>\n                         \n                       \n        <\/table>\n\t     \n\t<\/div>\n\t\n\t\t\t<\/div>\n\t\t\t\t<\/div>\n\t\t\t\t\t\t<\/div>\n\t\t\t\t\t<\/div>\n\t\t<\/div>\n\t\t\t\t\t\t\t\t<\/div>\n\t\t\t\t\t<\/div>\n\t\t<\/section>\n\t\t\t\t<section class=\"elementor-section elementor-top-section elementor-element elementor-element-252d424 elementor-section-boxed elementor-section-height-default elementor-section-height-default\" data-id=\"252d424\" data-element_type=\"section\">\n\t\t\t\t\t\t<div class=\"elementor-container elementor-column-gap-default\">\n\t\t\t\t\t\t\t<div class=\"elementor-row\">\n\t\t\t\t\t<div class=\"elementor-column elementor-col-100 elementor-top-column elementor-element elementor-element-45ff9d2\" data-id=\"45ff9d2\" data-element_type=\"column\">\n\t\t\t<div class=\"elementor-column-wrap elementor-element-populated\">\n\t\t\t\t\t\t\t<div class=\"elementor-widget-wrap\">\n\t\t\t\t\t\t<div class=\"elementor-element elementor-element-e093f52 elementor-widget elementor-widget-button\" data-id=\"e093f52\" data-element_type=\"widget\" data-widget_type=\"button.default\">\n\t\t\t\t<div class=\"elementor-widget-container\">\n\t\t\t\t\t<div class=\"elementor-button-wrapper\">\n\t\t\t<a href=\"#elementor-action%3Aaction%3Dpopup%3Aopen%26settings%3DeyJpZCI6IjM5NDMiLCJ0b2dnbGUiOmZhbHNlfQ%3D%3D\" class=\"elementor-button-link elementor-button elementor-size-sm\" role=\"button\">\n\t\t\t\t\t\t<span class=\"elementor-button-content-wrapper\">\n\t\t\t\t\t\t<span class=\"elementor-button-text\">Haz clic aqu\u00ed<\/span>\n\t\t<\/span>\n\t\t\t\t\t<\/a>\n\t\t<\/div>\n\t\t\t\t<\/div>\n\t\t\t\t<\/div>\n\t\t\t\t\t\t<\/div>\n\t\t\t\t\t<\/div>\n\t\t<\/div>\n\t\t\t\t\t\t\t\t<\/div>\n\t\t\t\t\t<\/div>\n\t\t<\/section>\n\t\t\t\t\t\t<\/div>\n\t\t\t\t\t\t<\/div>\n\t\t\t\t\t<\/div>","protected":false},"excerpt":{"rendered":"<p>Conociendo las Especies de las \u00e1reas naturales protegidas. En esta secci\u00f3n podr\u00e1n conocer las cifras de especies de flora y fauna registradas a nivel del SINANPE. Fauna 5,622 especies registradas Flora 12,076 especies registradas Hidrobiol\u00f3gicos 790 especies registradas Flora Fauna Hidrobiol\u00f3gicos Otros 95 \u00d3rdenes 324 Familias 10713 Especies Descubre las otras especies de flora silvestre presentes en las \u00e1reas naturales protegidas VER DESCARGAR Palmeras 1 \u00d3rdenes 1 Familias 149 Especies Descubre las especies de palmeras que se conservan en las \u00e1reas naturales protegidas. VER DESCARGAR Cactus 1 \u00d3rdenes 1 Familias 70 Especies Descubre las especies de cactus que se conservan\u2026<\/p>","protected":false},"author":1,"featured_media":0,"parent":0,"menu_order":0,"comment_status":"closed","ping_status":"closed","template":"","meta":{"om_disable_all_campaigns":false,"_mi_skip_tracking":false,"_monsterinsights_sitenote_active":false,"_monsterinsights_sitenote_note":"","_monsterinsights_sitenote_category":0},"blocksy_meta":{"styles_descriptor":{"styles":{"desktop":"","tablet":"","mobile":""},"google_fonts":[],"version":4}},"aioseo_notices":[],"_links":{"self":[{"href":"https:\/\/biodiversidadanp.sernanp.gob.pe\/en\/wp-json\/wp\/v2\/pages\/733"}],"collection":[{"href":"https:\/\/biodiversidadanp.sernanp.gob.pe\/en\/wp-json\/wp\/v2\/pages"}],"about":[{"href":"https:\/\/biodiversidadanp.sernanp.gob.pe\/en\/wp-json\/wp\/v2\/types\/page"}],"author":[{"embeddable":true,"href":"https:\/\/biodiversidadanp.sernanp.gob.pe\/en\/wp-json\/wp\/v2\/users\/1"}],"replies":[{"embeddable":true,"href":"https:\/\/biodiversidadanp.sernanp.gob.pe\/en\/wp-json\/wp\/v2\/comments?post=733"}],"version-history":[{"count":615,"href":"https:\/\/biodiversidadanp.sernanp.gob.pe\/en\/wp-json\/wp\/v2\/pages\/733\/revisions"}],"predecessor-version":[{"id":8607,"href":"https:\/\/biodiversidadanp.sernanp.gob.pe\/en\/wp-json\/wp\/v2\/pages\/733\/revisions\/8607"}],"wp:attachment":[{"href":"https:\/\/biodiversidadanp.sernanp.gob.pe\/en\/wp-json\/wp\/v2\/media?parent=733"}],"curies":[{"name":"wp","href":"https:\/\/api.w.org\/{rel}","templated":true}]}}