{"id":389,"date":"2021-11-18T20:20:57","date_gmt":"2021-11-18T20:20:57","guid":{"rendered":"https:\/\/biodiversidadanp.sernanp.gob.pe?page_id=389"},"modified":"2023-05-22T08:57:38","modified_gmt":"2023-05-22T08:57:38","slug":"agrobiodiversidad","status":"publish","type":"page","link":"https:\/\/biodiversidadanp.sernanp.gob.pe\/en\/agrobiodiversidad\/","title":{"rendered":"Agrobiodiversidad"},"content":{"rendered":"<div data-elementor-type=\"wp-page\" data-elementor-id=\"389\" data-post-id=\"389\" data-obj-id=\"389\" class=\"elementor elementor-389 dce-elementor-post-389\" data-elementor-settings=\"[]\">\n\t\t\t\t\t\t<div class=\"elementor-inner\">\n\t\t\t\t\t\t\t<div class=\"elementor-section-wrap\">\n\t\t\t\t\t\t\t<section data-dce-background-color=\"#FA9C2E21\" class=\"elementor-section elementor-top-section elementor-element elementor-element-52f063e ct-section-stretched elementor-section-boxed elementor-section-height-default elementor-section-height-default\" data-id=\"52f063e\" data-element_type=\"section\" data-settings=\"{&quot;background_background&quot;:&quot;classic&quot;}\">\n\t\t\t\t\t\t<div class=\"elementor-container elementor-column-gap-default\">\n\t\t\t\t\t\t\t<div class=\"elementor-row\">\n\t\t\t\t\t<div class=\"elementor-column elementor-col-50 elementor-top-column elementor-element elementor-element-9e3b6b0\" data-id=\"9e3b6b0\" data-element_type=\"column\">\n\t\t\t<div class=\"elementor-column-wrap elementor-element-populated\">\n\t\t\t\t\t\t\t<div class=\"elementor-widget-wrap\">\n\t\t\t\t\t\t<div class=\"elementor-element elementor-element-9408deb dce_masking-none elementor-widget elementor-widget-image\" data-id=\"9408deb\" data-element_type=\"widget\" data-widget_type=\"image.default\">\n\t\t\t\t<div class=\"elementor-widget-container\">\n\t\t\t\t\t\t\t\t<div class=\"elementor-image\">\n\t\t\t\t\t\t\t\t\t\t\t\t<img width=\"347\" height=\"145\" src=\"https:\/\/biodiversidadanp.sernanp.gob.pe\/wp-content\/uploads\/2021\/11\/naranja.png\" class=\"attachment-full size-full\" alt=\"\" loading=\"lazy\" srcset=\"https:\/\/biodiversidadanp.sernanp.gob.pe\/wp-content\/uploads\/2021\/11\/naranja.png 347w, https:\/\/biodiversidadanp.sernanp.gob.pe\/wp-content\/uploads\/2021\/11\/naranja-300x125.png 300w\" sizes=\"(max-width: 347px) 100vw, 347px\" \/>\t\t\t\t\t\t\t\t\t\t\t\t\t\t<\/div>\n\t\t\t\t\t\t<\/div>\n\t\t\t\t<\/div>\n\t\t\t\t\t\t<\/div>\n\t\t\t\t\t<\/div>\n\t\t<\/div>\n\t\t\t\t<div class=\"elementor-column elementor-col-50 elementor-top-column elementor-element elementor-element-14a8ea3\" data-id=\"14a8ea3\" data-element_type=\"column\">\n\t\t\t<div class=\"elementor-column-wrap elementor-element-populated\">\n\t\t\t\t\t\t\t<div class=\"elementor-widget-wrap\">\n\t\t\t\t\t\t<div class=\"elementor-element elementor-element-823519d elementor-hidden-mobile elementor-widget elementor-widget-jet-mega-menu\" data-id=\"823519d\" data-element_type=\"widget\" data-widget_type=\"jet-mega-menu.default\">\n\t\t\t\t<div class=\"elementor-widget-container\">\n\t\t\t<div class=\"menu-menu-biodiversidad-container\"><div class=\"jet-menu-container\"><div class=\"jet-menu-inner\"><ul class=\"jet-menu jet-menu--animation-type-fade jet-menu--roll-up\"><li id=\"jet-menu-item-417\" class=\"jet-menu-item jet-menu-item-type-custom jet-menu-item-object-custom jet-has-roll-up jet-mega-menu-item jet-mega-menu-position-relative-item jet-regular-item jet-menu-item-has-children jet-menu-item-417\"><a href=\"#\" class=\"top-level-link\"><div class=\"jet-menu-item-wrapper\"><div class=\"jet-menu-title\">>><\/div><i class=\"jet-dropdown-arrow fa fa-angle-down\"><\/i><\/div><\/a><div class=\"jet-sub-mega-menu\" data-template-id=\"419\">\t\t<div data-elementor-type=\"wp-post\" data-elementor-id=\"419\" data-post-id=\"389\" data-obj-id=\"389\" class=\"elementor elementor-419 dce-elementor-post-389\" data-elementor-settings=\"[]\">\n\t\t\t\t\t\t<div class=\"elementor-inner\">\n\t\t\t\t\t\t\t<div class=\"elementor-section-wrap\">\n\t\t\t\t\t\t\t<section data-dce-background-color=\"#FFFFFF00\" class=\"elementor-section elementor-top-section elementor-element elementor-element-eaa483d elementor-section-boxed elementor-section-height-default elementor-section-height-default\" data-id=\"eaa483d\" data-element_type=\"section\" data-settings=\"{&quot;background_background&quot;:&quot;classic&quot;}\">\n\t\t\t\t\t\t<div class=\"elementor-container elementor-column-gap-default\">\n\t\t\t\t\t\t\t<div class=\"elementor-row\">\n\t\t\t\t\t<div data-dce-background-color=\"#FFFFFF\" class=\"elementor-column elementor-col-100 elementor-top-column elementor-element elementor-element-097b8ec\" data-id=\"097b8ec\" data-element_type=\"column\" data-settings=\"{&quot;background_background&quot;:&quot;classic&quot;}\">\n\t\t\t<div class=\"elementor-column-wrap elementor-element-populated\">\n\t\t\t\t\t\t\t<div class=\"elementor-widget-wrap\">\n\t\t\t\t\t\t<div class=\"elementor-element elementor-element-87c4e6c elementor-widget elementor-widget-heading\" data-id=\"87c4e6c\" data-element_type=\"widget\" data-widget_type=\"heading.default\">\n\t\t\t\t<div class=\"elementor-widget-container\">\n\t\t\t<h2 class=\"elementor-heading-title elementor-size-default\"><a href=\"https:\/\/biodiversidadanp.sernanp.gob.pe\/en\/conservacion-de-biodiversidad\/\">Conservaci\u00f3n de biodiversidad\n<\/a><\/h2>\t\t<\/div>\n\t\t\t\t<\/div>\n\t\t\t\t\t\t<\/div>\n\t\t\t\t\t<\/div>\n\t\t<\/div>\n\t\t\t\t\t\t\t\t<\/div>\n\t\t\t\t\t<\/div>\n\t\t<\/section>\n\t\t\t\t<section class=\"elementor-section elementor-top-section elementor-element elementor-element-7b3444b elementor-section-boxed elementor-section-height-default elementor-section-height-default\" data-id=\"7b3444b\" data-element_type=\"section\">\n\t\t\t\t\t\t<div class=\"elementor-container elementor-column-gap-default\">\n\t\t\t\t\t\t\t<div class=\"elementor-row\">\n\t\t\t\t\t<div class=\"elementor-column elementor-col-100 elementor-top-column elementor-element elementor-element-39c2063\" data-id=\"39c2063\" data-element_type=\"column\" data-settings=\"{&quot;background_background&quot;:&quot;classic&quot;}\">\n\t\t\t<div class=\"elementor-column-wrap elementor-element-populated\">\n\t\t\t\t\t\t\t<div class=\"elementor-widget-wrap\">\n\t\t\t\t\t\t<div class=\"elementor-element elementor-element-284830d elementor-widget elementor-widget-heading\" data-id=\"284830d\" data-element_type=\"widget\" data-widget_type=\"heading.default\">\n\t\t\t\t<div class=\"elementor-widget-container\">\n\t\t\t<h2 class=\"elementor-heading-title elementor-size-default\"><a href=\"https:\/\/biodiversidadanp.sernanp.gob.pe\/en\/diversidad-cultural\/\">Diversidad cultural\n\n<\/a><\/h2>\t\t<\/div>\n\t\t\t\t<\/div>\n\t\t\t\t\t\t<\/div>\n\t\t\t\t\t<\/div>\n\t\t<\/div>\n\t\t\t\t\t\t\t\t<\/div>\n\t\t\t\t\t<\/div>\n\t\t<\/section>\n\t\t\t\t<section class=\"elementor-section elementor-top-section elementor-element elementor-element-ef33f75 elementor-section-boxed elementor-section-height-default elementor-section-height-default\" data-id=\"ef33f75\" data-element_type=\"section\">\n\t\t\t\t\t\t<div class=\"elementor-container elementor-column-gap-default\">\n\t\t\t\t\t\t\t<div class=\"elementor-row\">\n\t\t\t\t\t<div class=\"elementor-column elementor-col-100 elementor-top-column elementor-element elementor-element-c066570\" data-id=\"c066570\" data-element_type=\"column\" data-settings=\"{&quot;background_background&quot;:&quot;classic&quot;}\">\n\t\t\t<div class=\"elementor-column-wrap elementor-element-populated\">\n\t\t\t\t\t\t\t<div class=\"elementor-widget-wrap\">\n\t\t\t\t\t\t<div class=\"elementor-element elementor-element-af62ed0 elementor-widget elementor-widget-heading\" data-id=\"af62ed0\" data-element_type=\"widget\" data-widget_type=\"heading.default\">\n\t\t\t\t<div class=\"elementor-widget-container\">\n\t\t\t<h2 class=\"elementor-heading-title elementor-size-default\"><a href=\"https:\/\/biodiversidadanp.sernanp.gob.pe\/en\/agrobiodiversidad\/\">Agrobiodiversidad\n<\/a><\/h2>\t\t<\/div>\n\t\t\t\t<\/div>\n\t\t\t\t\t\t<\/div>\n\t\t\t\t\t<\/div>\n\t\t<\/div>\n\t\t\t\t\t\t\t\t<\/div>\n\t\t\t\t\t<\/div>\n\t\t<\/section>\n\t\t\t\t<section class=\"elementor-section elementor-top-section elementor-element elementor-element-1cab503 elementor-section-boxed elementor-section-height-default elementor-section-height-default\" data-id=\"1cab503\" data-element_type=\"section\">\n\t\t\t\t\t\t<div class=\"elementor-container elementor-column-gap-default\">\n\t\t\t\t\t\t\t<div class=\"elementor-row\">\n\t\t\t\t\t<div class=\"elementor-column elementor-col-100 elementor-top-column elementor-element elementor-element-5c9549d\" data-id=\"5c9549d\" data-element_type=\"column\" data-settings=\"{&quot;background_background&quot;:&quot;classic&quot;}\">\n\t\t\t<div class=\"elementor-column-wrap elementor-element-populated\">\n\t\t\t\t\t\t\t<div class=\"elementor-widget-wrap\">\n\t\t\t\t\t\t<div class=\"elementor-element elementor-element-5c23d63 elementor-widget elementor-widget-heading\" data-id=\"5c23d63\" data-element_type=\"widget\" data-widget_type=\"heading.default\">\n\t\t\t\t<div class=\"elementor-widget-container\">\n\t\t\t<h2 class=\"elementor-heading-title elementor-size-default\"><a href=\"https:\/\/biodiversidadanp.sernanp.gob.pe\/en\/perdida-de-biodiversidad\/\">P\u00e9rdida de biodiversidad\n<\/a><\/h2>\t\t<\/div>\n\t\t\t\t<\/div>\n\t\t\t\t\t\t<\/div>\n\t\t\t\t\t<\/div>\n\t\t<\/div>\n\t\t\t\t\t\t\t\t<\/div>\n\t\t\t\t\t<\/div>\n\t\t<\/section>\n\t\t\t\t<section data-dce-background-color=\"#FFFFFF00\" class=\"elementor-section elementor-top-section elementor-element elementor-element-b715705 elementor-section-boxed elementor-section-height-default elementor-section-height-default\" data-id=\"b715705\" data-element_type=\"section\" data-settings=\"{&quot;background_background&quot;:&quot;classic&quot;}\">\n\t\t\t\t\t\t<div class=\"elementor-container elementor-column-gap-default\">\n\t\t\t\t\t\t\t<div class=\"elementor-row\">\n\t\t\t\t\t<div data-dce-background-color=\"#FFFFFF\" class=\"elementor-column elementor-col-100 elementor-top-column elementor-element elementor-element-3adbf89\" data-id=\"3adbf89\" data-element_type=\"column\" data-settings=\"{&quot;background_background&quot;:&quot;classic&quot;}\">\n\t\t\t<div class=\"elementor-column-wrap elementor-element-populated\">\n\t\t\t\t\t\t\t<div class=\"elementor-widget-wrap\">\n\t\t\t\t\t\t<div class=\"elementor-element elementor-element-07a1631 elementor-widget elementor-widget-heading\" data-id=\"07a1631\" data-element_type=\"widget\" data-widget_type=\"heading.default\">\n\t\t\t\t<div class=\"elementor-widget-container\">\n\t\t\t<h2 class=\"elementor-heading-title elementor-size-default\"><a href=\"https:\/\/biodiversidadanp.sernanp.gob.pe\/en\/acuerdos-internacionales\/\">Acuerdos Internacionales\n<\/a><\/h2>\t\t<\/div>\n\t\t\t\t<\/div>\n\t\t\t\t\t\t<\/div>\n\t\t\t\t\t<\/div>\n\t\t<\/div>\n\t\t\t\t\t\t\t\t<\/div>\n\t\t\t\t\t<\/div>\n\t\t<\/section>\n\t\t\t\t\t\t<\/div>\n\t\t\t\t\t\t<\/div>\n\t\t\t\t\t<\/div>\n\t\t<\/div><\/li>\n<\/ul><\/div><\/div><\/div>\t\t<\/div>\n\t\t\t\t<\/div>\n\t\t\t\t<div class=\"elementor-element elementor-element-2f2ba03 elementor-hidden-desktop elementor-hidden-tablet elementor-widget elementor-widget-jet-mega-menu\" data-id=\"2f2ba03\" data-element_type=\"widget\" id=\"btnbv\" data-widget_type=\"jet-mega-menu.default\">\n\t\t\t\t<div class=\"elementor-widget-container\">\n\t\t\t<div  id=\"jet-mobile-menu-69d28a1c0ea45\" class=\"jet-mobile-menu jet-mobile-menu--location-wp-nav\" data-menu-id=\"12\" data-menu-options=\"{&quot;menuUniqId&quot;:&quot;69d28a1c0ea45&quot;,&quot;menuId&quot;:&quot;12&quot;,&quot;mobileMenuId&quot;:false,&quot;location&quot;:&quot;wp-nav&quot;,&quot;menuLocation&quot;:false,&quot;menuLayout&quot;:&quot;slide-out&quot;,&quot;togglePosition&quot;:&quot;default&quot;,&quot;menuPosition&quot;:&quot;right&quot;,&quot;headerTemplate&quot;:&quot;&quot;,&quot;beforeTemplate&quot;:&quot;&quot;,&quot;afterTemplate&quot;:&quot;&quot;,&quot;useBreadcrumb&quot;:true,&quot;breadcrumbPath&quot;:&quot;full&quot;,&quot;toggleText&quot;:&quot;&quot;,&quot;toggleLoader&quot;:true,&quot;backText&quot;:&quot;&quot;,&quot;itemIconVisible&quot;:true,&quot;itemBadgeVisible&quot;:true,&quot;itemDescVisible&quot;:false,&quot;loaderColor&quot;:&quot;#3a3a3a&quot;,&quot;subTrigger&quot;:&quot;item&quot;,&quot;subOpenLayout&quot;:&quot;slide-in&quot;,&quot;closeAfterNavigate&quot;:false}\">\n\t\t\t<mobile-menu><\/mobile-menu><div class=\"jet-mobile-menu__refs\"><div ref=\"toggleClosedIcon\"><i class=\"fas fa-bars\"><\/i><\/div><div ref=\"toggleOpenedIcon\"><i class=\"fas fa-times\"><\/i><\/div><div ref=\"closeIcon\"><i class=\"fas fa-times\"><\/i><\/div><div ref=\"backIcon\"><i class=\"fas fa-angle-left\"><\/i><\/div><div ref=\"dropdownIcon\"><i class=\"fas fa-angle-right\"><\/i><\/div><div ref=\"dropdownOpenedIcon\"><i class=\"fas fa-angle-down\"><\/i><\/div><div ref=\"breadcrumbIcon\"><i class=\"fas fa-angle-right\"><\/i><\/div><\/div><\/div>\t\t<\/div>\n\t\t\t\t<\/div>\n\t\t\t\t\t\t<\/div>\n\t\t\t\t\t<\/div>\n\t\t<\/div>\n\t\t\t\t\t\t\t\t<\/div>\n\t\t\t\t\t<\/div>\n\t\t<\/section>\n\t\t\t\t<section data-dce-background-color=\"#FA9C2E21\" class=\"elementor-section elementor-top-section elementor-element elementor-element-7f51924 ct-section-stretched elementor-section-boxed elementor-section-height-default elementor-section-height-default\" data-id=\"7f51924\" data-element_type=\"section\" data-settings=\"{&quot;background_background&quot;:&quot;classic&quot;}\">\n\t\t\t\t\t\t<div class=\"elementor-container elementor-column-gap-default\">\n\t\t\t\t\t\t\t<div class=\"elementor-row\">\n\t\t\t\t\t<div class=\"elementor-column elementor-col-50 elementor-top-column elementor-element elementor-element-1c46eea\" data-id=\"1c46eea\" data-element_type=\"column\">\n\t\t\t<div class=\"elementor-column-wrap elementor-element-populated\">\n\t\t\t\t\t\t\t<div class=\"elementor-widget-wrap\">\n\t\t\t\t\t\t<div class=\"elementor-element elementor-element-e1c9434 elementor-widget elementor-widget-text-editor\" data-id=\"e1c9434\" data-element_type=\"widget\" data-widget_type=\"text-editor.default\">\n\t\t\t\t<div class=\"elementor-widget-container\">\n\t\t\t\t\t\t\t\t<div class=\"elementor-text-editor elementor-clearfix\">\n\t\t\t\t<p>La agrobiodiversidad comprende la variedad y variabilidad de animales, plantas y microorganismos a nivel gen\u00e9tico, de especies y de ecosistemas, necesarios para mantener la producci\u00f3n agr\u00edcola (CDB, 2000).<\/p>\t\t\t\t\t<\/div>\n\t\t\t\t\t\t<\/div>\n\t\t\t\t<\/div>\n\t\t\t\t<div class=\"elementor-element elementor-element-823eecf elementor-widget elementor-widget-text-editor\" data-id=\"823eecf\" data-element_type=\"widget\" data-widget_type=\"text-editor.default\">\n\t\t\t\t<div class=\"elementor-widget-container\">\n\t\t\t\t\t\t\t\t<div class=\"elementor-text-editor elementor-clearfix\">\n\t\t\t\t<p>El Per\u00fa es un pa\u00eds megadiverso, no s\u00f3lo por su biodiversidad natural y biodiversidad cultivada, sino por su condici\u00f3n de pa\u00eds centro de origen y de diversificaci\u00f3n gen\u00e9tica de especies de importancia global para la alimentaci\u00f3n y la agricultura, y sus parientes silvestres, as\u00ed como los conocimientos tradicionales asociados a ellos, por lo que tambi\u00e9n Per\u00fa ostenta una alta<br \/>diversidad cultural.<\/p>\t\t\t\t\t<\/div>\n\t\t\t\t\t\t<\/div>\n\t\t\t\t<\/div>\n\t\t\t\t\t\t<\/div>\n\t\t\t\t\t<\/div>\n\t\t<\/div>\n\t\t\t\t<div class=\"elementor-column elementor-col-50 elementor-top-column elementor-element elementor-element-2f2d9c9\" data-id=\"2f2d9c9\" data-element_type=\"column\">\n\t\t\t<div class=\"elementor-column-wrap elementor-element-populated\">\n\t\t\t\t\t\t\t<div class=\"elementor-widget-wrap\">\n\t\t\t\t\t\t<section class=\"elementor-section elementor-inner-section elementor-element elementor-element-74f24a8 elementor-section-boxed elementor-section-height-default elementor-section-height-default\" data-id=\"74f24a8\" data-element_type=\"section\">\n\t\t\t\t\t\t<div class=\"elementor-container elementor-column-gap-default\">\n\t\t\t\t\t\t\t<div class=\"elementor-row\">\n\t\t\t\t\t<div class=\"elementor-column elementor-col-50 elementor-inner-column elementor-element elementor-element-cb203b2\" data-id=\"cb203b2\" data-element_type=\"column\">\n\t\t\t<div class=\"elementor-column-wrap elementor-element-populated\">\n\t\t\t\t\t\t\t<div class=\"elementor-widget-wrap\">\n\t\t\t\t\t\t<div class=\"elementor-element elementor-element-20cc0c5 elementor-widget elementor-widget-text-editor\" data-id=\"20cc0c5\" data-element_type=\"widget\" data-widget_type=\"text-editor.default\">\n\t\t\t\t<div class=\"elementor-widget-container\">\n\t\t\t\t\t\t\t\t<div class=\"elementor-text-editor elementor-clearfix\">\n\t\t\t\t<p>Est\u00e1 constuida por:<\/p>\t\t\t\t\t<\/div>\n\t\t\t\t\t\t<\/div>\n\t\t\t\t<\/div>\n\t\t\t\t<div class=\"elementor-element elementor-element-ac714e2 dce_masking-none elementor-widget elementor-widget-image\" data-id=\"ac714e2\" data-element_type=\"widget\" data-widget_type=\"image.default\">\n\t\t\t\t<div class=\"elementor-widget-container\">\n\t\t\t\t\t\t\t\t<div class=\"elementor-image\">\n\t\t\t\t\t\t\t\t\t\t\t\t<img width=\"320\" height=\"189\" src=\"https:\/\/biodiversidadanp.sernanp.gob.pe\/wp-content\/uploads\/2021\/11\/Recurso-7-3.png\" class=\"attachment-full size-full\" alt=\"\" loading=\"lazy\" srcset=\"https:\/\/biodiversidadanp.sernanp.gob.pe\/wp-content\/uploads\/2021\/11\/Recurso-7-3.png 320w, https:\/\/biodiversidadanp.sernanp.gob.pe\/wp-content\/uploads\/2021\/11\/Recurso-7-3-300x177.png 300w\" sizes=\"(max-width: 320px) 100vw, 320px\" \/>\t\t\t\t\t\t\t\t\t\t\t\t\t\t<\/div>\n\t\t\t\t\t\t<\/div>\n\t\t\t\t<\/div>\n\t\t\t\t<div class=\"elementor-element elementor-element-4524071 elementor-widget elementor-widget-text-editor\" data-id=\"4524071\" data-element_type=\"widget\" data-widget_type=\"text-editor.default\">\n\t\t\t\t<div class=\"elementor-widget-container\">\n\t\t\t\t\t\t\t\t<div class=\"elementor-text-editor elementor-clearfix\">\n\t\t\t\t<p>los recursos gen\u00e9ticos vegetales, animales, microbianos y mic\u00f3ticos;<\/p>\t\t\t\t\t<\/div>\n\t\t\t\t\t\t<\/div>\n\t\t\t\t<\/div>\n\t\t\t\t<div class=\"elementor-element elementor-element-c605f72 dce_masking-none elementor-widget elementor-widget-image\" data-id=\"c605f72\" data-element_type=\"widget\" data-widget_type=\"image.default\">\n\t\t\t\t<div class=\"elementor-widget-container\">\n\t\t\t\t\t\t\t\t<div class=\"elementor-image\">\n\t\t\t\t\t\t\t\t\t\t\t\t<img width=\"320\" height=\"184\" src=\"https:\/\/biodiversidadanp.sernanp.gob.pe\/wp-content\/uploads\/2021\/11\/Recurso-8-3.png\" class=\"attachment-full size-full\" alt=\"\" loading=\"lazy\" srcset=\"https:\/\/biodiversidadanp.sernanp.gob.pe\/wp-content\/uploads\/2021\/11\/Recurso-8-3.png 320w, https:\/\/biodiversidadanp.sernanp.gob.pe\/wp-content\/uploads\/2021\/11\/Recurso-8-3-300x173.png 300w\" sizes=\"(max-width: 320px) 100vw, 320px\" \/>\t\t\t\t\t\t\t\t\t\t\t\t\t\t<\/div>\n\t\t\t\t\t\t<\/div>\n\t\t\t\t<\/div>\n\t\t\t\t<div class=\"elementor-element elementor-element-de8c49a elementor-widget elementor-widget-text-editor\" data-id=\"de8c49a\" data-element_type=\"widget\" data-widget_type=\"text-editor.default\">\n\t\t\t\t<div class=\"elementor-widget-container\">\n\t\t\t\t\t\t\t\t<div class=\"elementor-text-editor elementor-clearfix\">\n\t\t\t\t<p>los organismos necesarios para sustentar funciones clave del agroecosistema, de su estructura y procesos, tales como la regulaci\u00f3n de plagas y enfermedades, y el ciclo de polinizaci\u00f3n y nutrientes;<\/p>\t\t\t\t\t<\/div>\n\t\t\t\t\t\t<\/div>\n\t\t\t\t<\/div>\n\t\t\t\t\t\t<\/div>\n\t\t\t\t\t<\/div>\n\t\t<\/div>\n\t\t\t\t<div class=\"elementor-column elementor-col-50 elementor-inner-column elementor-element elementor-element-7482d59\" data-id=\"7482d59\" data-element_type=\"column\">\n\t\t\t<div class=\"elementor-column-wrap elementor-element-populated\">\n\t\t\t\t\t\t\t<div class=\"elementor-widget-wrap\">\n\t\t\t\t\t\t<div class=\"elementor-element elementor-element-15d2b85 dce_masking-none elementor-widget elementor-widget-image\" data-id=\"15d2b85\" data-element_type=\"widget\" data-widget_type=\"image.default\">\n\t\t\t\t<div class=\"elementor-widget-container\">\n\t\t\t\t\t\t\t\t<div class=\"elementor-image\">\n\t\t\t\t\t\t\t\t\t\t\t\t<img width=\"320\" height=\"262\" src=\"https:\/\/biodiversidadanp.sernanp.gob.pe\/wp-content\/uploads\/2021\/11\/Recurso-6-3.png\" class=\"attachment-full size-full\" alt=\"\" loading=\"lazy\" srcset=\"https:\/\/biodiversidadanp.sernanp.gob.pe\/wp-content\/uploads\/2021\/11\/Recurso-6-3.png 320w, https:\/\/biodiversidadanp.sernanp.gob.pe\/wp-content\/uploads\/2021\/11\/Recurso-6-3-300x246.png 300w\" sizes=\"(max-width: 320px) 100vw, 320px\" \/>\t\t\t\t\t\t\t\t\t\t\t\t\t\t<\/div>\n\t\t\t\t\t\t<\/div>\n\t\t\t\t<\/div>\n\t\t\t\t<div class=\"elementor-element elementor-element-86dd3f7 elementor-widget elementor-widget-text-editor\" data-id=\"86dd3f7\" data-element_type=\"widget\" data-widget_type=\"text-editor.default\">\n\t\t\t\t<div class=\"elementor-widget-container\">\n\t\t\t\t\t\t\t\t<div class=\"elementor-text-editor elementor-clearfix\">\n\t\t\t\t<p>las interacciones entre factores abi\u00f3ticos, como los paisajes f\u00edsicos en los que se desarrolla la agricultura, y las dimensiones socioecon\u00f3micas y culturales, como el conocimiento local y tradicional; adem\u00e1s de los conocimientos tradicionales de las comunidades que ancestralmente han realizado, como son las llamadas tecnolog\u00edas agroalimentarias.<\/p>\t\t\t\t\t<\/div>\n\t\t\t\t\t\t<\/div>\n\t\t\t\t<\/div>\n\t\t\t\t\t\t<\/div>\n\t\t\t\t\t<\/div>\n\t\t<\/div>\n\t\t\t\t\t\t\t\t<\/div>\n\t\t\t\t\t<\/div>\n\t\t<\/section>\n\t\t\t\t\t\t<\/div>\n\t\t\t\t\t<\/div>\n\t\t<\/div>\n\t\t\t\t\t\t\t\t<\/div>\n\t\t\t\t\t<\/div>\n\t\t<\/section>\n\t\t\t\t<section data-dce-background-color=\"#FA9C2E21\" class=\"elementor-section elementor-top-section elementor-element elementor-element-56d837d ct-section-stretched elementor-section-boxed elementor-section-height-default elementor-section-height-default\" data-id=\"56d837d\" data-element_type=\"section\" data-settings=\"{&quot;background_background&quot;:&quot;classic&quot;}\">\n\t\t\t\t\t\t<div class=\"elementor-container elementor-column-gap-default\">\n\t\t\t\t\t\t\t<div class=\"elementor-row\">\n\t\t\t\t\t<div class=\"elementor-column elementor-col-100 elementor-top-column elementor-element elementor-element-c008b2c\" data-id=\"c008b2c\" data-element_type=\"column\">\n\t\t\t<div class=\"elementor-column-wrap elementor-element-populated\">\n\t\t\t\t\t\t\t<div class=\"elementor-widget-wrap\">\n\t\t\t\t\t\t<div class=\"elementor-element elementor-element-72f43dc elementor-widget-divider--view-line elementor-widget elementor-widget-divider\" data-id=\"72f43dc\" data-element_type=\"widget\" data-widget_type=\"divider.default\">\n\t\t\t\t<div class=\"elementor-widget-container\">\n\t\t\t\t\t<div class=\"elementor-divider\">\n\t\t\t<span class=\"elementor-divider-separator\">\n\t\t\t\t\t\t<\/span>\n\t\t<\/div>\n\t\t\t\t<\/div>\n\t\t\t\t<\/div>\n\t\t\t\t<div class=\"elementor-element elementor-element-0752c36 elementor-widget elementor-widget-text-editor\" data-id=\"0752c36\" data-element_type=\"widget\" data-widget_type=\"text-editor.default\">\n\t\t\t\t<div class=\"elementor-widget-container\">\n\t\t\t\t\t\t\t\t<div class=\"elementor-text-editor elementor-clearfix\">\n\t\t\t\t<p>1 CBD 2000, http:\/\/ www.cbd.int\/decision\/ cop\/?id=7147<\/p>\t\t\t\t\t<\/div>\n\t\t\t\t\t\t<\/div>\n\t\t\t\t<\/div>\n\t\t\t\t<div class=\"elementor-element elementor-element-0a24a6f elementor-widget elementor-widget-text-editor\" data-id=\"0a24a6f\" data-element_type=\"widget\" data-widget_type=\"text-editor.default\">\n\t\t\t\t<div class=\"elementor-widget-container\">\n\t\t\t\t\t\t\t\t<div class=\"elementor-text-editor elementor-clearfix\">\n\t\t\t\t<p>2 Agrobiodiversidad y el Sistema de \u00c1reas Naturales Protegidas. Nota t\u00e9cnica. https:\/\/sis.sernanp.gob.pe\/biblioteca\/?publicacion=2524<\/p>\t\t\t\t\t<\/div>\n\t\t\t\t\t\t<\/div>\n\t\t\t\t<\/div>\n\t\t\t\t\t\t<\/div>\n\t\t\t\t\t<\/div>\n\t\t<\/div>\n\t\t\t\t\t\t\t\t<\/div>\n\t\t\t\t\t<\/div>\n\t\t<\/section>\n\t\t\t\t\t\t<\/div>\n\t\t\t\t\t\t<\/div>\n\t\t\t\t\t<\/div>","protected":false},"excerpt":{"rendered":"<p>>> Conservaci\u00f3n de biodiversidad Diversidad cultural Agrobiodiversidad P\u00e9rdida de biodiversidad Acuerdos Internacionales La agrobiodiversidad comprende la variedad y variabilidad de animales, plantas y microorganismos a nivel gen\u00e9tico, de especies y de ecosistemas, necesarios para mantener la producci\u00f3n agr\u00edcola (CDB, 2000). El Per\u00fa es un pa\u00eds megadiverso, no s\u00f3lo por su biodiversidad natural y biodiversidad cultivada, sino por su condici\u00f3n de pa\u00eds centro de origen y de diversificaci\u00f3n gen\u00e9tica de especies de importancia global para la alimentaci\u00f3n y la agricultura, y sus parientes silvestres, as\u00ed como los conocimientos tradicionales asociados a ellos, por lo que tambi\u00e9n Per\u00fa ostenta una altadiversidad cultural.\u2026<\/p>","protected":false},"author":1,"featured_media":0,"parent":0,"menu_order":0,"comment_status":"closed","ping_status":"closed","template":"","meta":{"om_disable_all_campaigns":false,"_mi_skip_tracking":false,"_monsterinsights_sitenote_active":false,"_monsterinsights_sitenote_note":"","_monsterinsights_sitenote_category":0},"blocksy_meta":{"styles_descriptor":{"styles":{"desktop":"","tablet":"","mobile":""},"google_fonts":[],"version":4}},"aioseo_notices":[],"_links":{"self":[{"href":"https:\/\/biodiversidadanp.sernanp.gob.pe\/en\/wp-json\/wp\/v2\/pages\/389"}],"collection":[{"href":"https:\/\/biodiversidadanp.sernanp.gob.pe\/en\/wp-json\/wp\/v2\/pages"}],"about":[{"href":"https:\/\/biodiversidadanp.sernanp.gob.pe\/en\/wp-json\/wp\/v2\/types\/page"}],"author":[{"embeddable":true,"href":"https:\/\/biodiversidadanp.sernanp.gob.pe\/en\/wp-json\/wp\/v2\/users\/1"}],"replies":[{"embeddable":true,"href":"https:\/\/biodiversidadanp.sernanp.gob.pe\/en\/wp-json\/wp\/v2\/comments?post=389"}],"version-history":[{"count":34,"href":"https:\/\/biodiversidadanp.sernanp.gob.pe\/en\/wp-json\/wp\/v2\/pages\/389\/revisions"}],"predecessor-version":[{"id":6855,"href":"https:\/\/biodiversidadanp.sernanp.gob.pe\/en\/wp-json\/wp\/v2\/pages\/389\/revisions\/6855"}],"wp:attachment":[{"href":"https:\/\/biodiversidadanp.sernanp.gob.pe\/en\/wp-json\/wp\/v2\/media?parent=389"}],"curies":[{"name":"wp","href":"https:\/\/api.w.org\/{rel}","templated":true}]}}