{"id":3458,"date":"2022-02-16T18:59:49","date_gmt":"2022-02-16T18:59:49","guid":{"rendered":"https:\/\/biodiversidadanp.sernanp.gob.pe?page_id=3458"},"modified":"2023-05-11T23:44:31","modified_gmt":"2023-05-11T23:44:31","slug":"terminos-y-condiciones","status":"publish","type":"page","link":"https:\/\/biodiversidadanp.sernanp.gob.pe\/en\/terminos-y-condiciones\/","title":{"rendered":"Terminos y condiciones"},"content":{"rendered":"<div data-elementor-type=\"wp-page\" data-elementor-id=\"3458\" data-post-id=\"3458\" data-obj-id=\"3458\" class=\"elementor elementor-3458 dce-elementor-post-3458\" data-elementor-settings=\"[]\">\n\t\t\t\t\t\t<div class=\"elementor-inner\">\n\t\t\t\t\t\t\t<div class=\"elementor-section-wrap\">\n\t\t\t\t\t\t\t<section class=\"elementor-section elementor-top-section elementor-element elementor-element-c0a24d5 elementor-section-boxed elementor-section-height-default elementor-section-height-default\" data-id=\"c0a24d5\" data-element_type=\"section\">\n\t\t\t\t\t\t<div class=\"elementor-container elementor-column-gap-default\">\n\t\t\t\t\t\t\t<div class=\"elementor-row\">\n\t\t\t\t\t<div class=\"elementor-column elementor-col-100 elementor-top-column elementor-element elementor-element-b401a88\" data-id=\"b401a88\" data-element_type=\"column\">\n\t\t\t<div class=\"elementor-column-wrap elementor-element-populated\">\n\t\t\t\t\t\t\t<div class=\"elementor-widget-wrap\">\n\t\t\t\t\t\t<div class=\"elementor-element elementor-element-fd8c284 elementor-widget elementor-widget-text-editor\" data-id=\"fd8c284\" data-element_type=\"widget\" data-widget_type=\"text-editor.default\">\n\t\t\t\t<div class=\"elementor-widget-container\">\n\t\t\t\t\t\t\t\t<div class=\"elementor-text-editor elementor-clearfix\">\n\t\t\t\tEl Portal de Biodiversidad de las \u00c1reas Naturales Protegidas del Per\u00fa, tiene como finalidad la puesta en conocimiento del p\u00fablico en general y organismos p\u00fablicos o privados, de la informaci\u00f3n cuantitativa y cualitativa de la biodiversidad que se conserva en las \u00e1reas naturales protegidas.<br><br>\nLas condiciones del uso de la informaci\u00f3n asociada a los contenidos de este sitio web, se entienden aceptadas al momento de realizar la descarga de cualquier tipo de informaci\u00f3n y son:<br><br>\n\u2022 El Servicio Nacional de \u00c1reas Naturales Protegidas por el Estado &#8211; SERNANP es propietario de los derechos de propiedad intelectual del software y sobre la informaci\u00f3n publicada. <br><br>\n\u2022 El SERNANP pone a disposici\u00f3n el acceso a la informaci\u00f3n sobre biodiversidad oficial de las \u00e1reas naturales protegidas. <br><br>\n\u2022 El SERNANP no se responsabiliza por el uso e interpretaci\u00f3n realizada a los datos e informaci\u00f3n de fuentes externas que son mostradas en este sitio web.<br><br>\n\u2022 La informaci\u00f3n publicada en esta p\u00e1gina web es de dominio p\u00fablico y no podr\u00e1 ser comercializada por terceros con fines lucrativos.<br><br>\n\u2022 El sitio SERNANP no ser\u00e1 responsable por el uso indebido que hagan los usuarios del contenido de su p\u00e1gina web.<br><br>\n\u2022 Se proh\u00edbe la reproducci\u00f3n, modificaci\u00f3n, adaptaci\u00f3n, mantenimiento, correcci\u00f3n de errores, cesi\u00f3n, venta, arriendo, pr\u00e9stamo, cesi\u00f3n de uso ni parcial ni total, transmisi\u00f3n del derecho de uso; salvo autorizaci\u00f3n expresa de SERNANP.<br><br>\n\u2022 En caso de violaci\u00f3n de los derechos patrimoniales y autorales de los titulares (de software e informaci\u00f3n), el SERNANP se reserva el derecho de adoptar las medidas legales que correspondan, de conformidad con las normas de propiedad intelectual aplicables al Estado Peruano.<br><br>\n\u2022 La utilizaci\u00f3n y difusi\u00f3n del contenido est\u00e1n autorizadas siempre que referencie al SERNANP como fuente. La informaci\u00f3n de fuentes externas es referencial, su actualizaci\u00f3n depende de las mismas fuentes externas.\n\t\t\t\t\t<\/div>\n\t\t\t\t\t\t<\/div>\n\t\t\t\t<\/div>\n\t\t\t\t\t\t<\/div>\n\t\t\t\t\t<\/div>\n\t\t<\/div>\n\t\t\t\t\t\t\t\t<\/div>\n\t\t\t\t\t<\/div>\n\t\t<\/section>\n\t\t\t\t\t\t<\/div>\n\t\t\t\t\t\t<\/div>\n\t\t\t\t\t<\/div>","protected":false},"excerpt":{"rendered":"<p>El Portal de Biodiversidad de las \u00c1reas Naturales Protegidas del Per\u00fa, tiene como finalidad la puesta en conocimiento del p\u00fablico en general y organismos p\u00fablicos o privados, de la informaci\u00f3n cuantitativa y cualitativa de la biodiversidad que se conserva en las \u00e1reas naturales protegidas. Las condiciones del uso de la informaci\u00f3n asociada a los contenidos de este sitio web, se entienden aceptadas al momento de realizar la descarga de cualquier tipo de informaci\u00f3n y son: \u2022 El Servicio Nacional de \u00c1reas Naturales Protegidas por el Estado &#8211; SERNANP es propietario de los derechos de propiedad intelectual del software y sobre\u2026<\/p>","protected":false},"author":1,"featured_media":0,"parent":0,"menu_order":0,"comment_status":"closed","ping_status":"closed","template":"elementor_canvas","meta":{"om_disable_all_campaigns":false,"_mi_skip_tracking":false,"_monsterinsights_sitenote_active":false,"_monsterinsights_sitenote_note":"","_monsterinsights_sitenote_category":0},"blocksy_meta":{"styles_descriptor":{"styles":{"desktop":"","tablet":"","mobile":""},"google_fonts":[],"version":4}},"aioseo_notices":[],"_links":{"self":[{"href":"https:\/\/biodiversidadanp.sernanp.gob.pe\/en\/wp-json\/wp\/v2\/pages\/3458"}],"collection":[{"href":"https:\/\/biodiversidadanp.sernanp.gob.pe\/en\/wp-json\/wp\/v2\/pages"}],"about":[{"href":"https:\/\/biodiversidadanp.sernanp.gob.pe\/en\/wp-json\/wp\/v2\/types\/page"}],"author":[{"embeddable":true,"href":"https:\/\/biodiversidadanp.sernanp.gob.pe\/en\/wp-json\/wp\/v2\/users\/1"}],"replies":[{"embeddable":true,"href":"https:\/\/biodiversidadanp.sernanp.gob.pe\/en\/wp-json\/wp\/v2\/comments?post=3458"}],"version-history":[{"count":29,"href":"https:\/\/biodiversidadanp.sernanp.gob.pe\/en\/wp-json\/wp\/v2\/pages\/3458\/revisions"}],"predecessor-version":[{"id":6467,"href":"https:\/\/biodiversidadanp.sernanp.gob.pe\/en\/wp-json\/wp\/v2\/pages\/3458\/revisions\/6467"}],"wp:attachment":[{"href":"https:\/\/biodiversidadanp.sernanp.gob.pe\/en\/wp-json\/wp\/v2\/media?parent=3458"}],"curies":[{"name":"wp","href":"https:\/\/api.w.org\/{rel}","templated":true}]}}